{"id":1435,"date":"2026-04-06T18:37:58","date_gmt":"2026-04-06T16:37:58","guid":{"rendered":"http:\/\/montazdrzwi.org\/index.php\/regulamin\/"},"modified":"2026-04-06T18:37:58","modified_gmt":"2026-04-06T16:37:58","slug":"regulamin","status":"publish","type":"page","link":"https:\/\/montazdrzwi.org\/index.php\/regulamin\/","title":{"rendered":"Regulamin"},"content":{"rendered":"<div class=\"wp-block-group verso-section\">\n<div class=\"wp-block-group__inner-container\">\n<div class=\"verso-container\">\n<h1>Regulamin sklepu i \u015bwiadczenia us\u0142ug<\/h1>\n<p>Niniejszy regulamin okre\u015bla zasady korzystania ze strony internetowej, sk\u0142adania zam\u00f3wie\u0144 oraz \u015bwiadczenia us\u0142ug przez firm\u0119 Verso Wojciech Bo\u0107kowski.<\/p>\n<h2>1. Postanowienia og\u00f3lne<\/h2>\n<p>Strona umo\u017cliwia prezentacj\u0119 oferty, kontakt z firm\u0105, przesy\u0142anie zapyta\u0144 o wycen\u0119 oraz sk\u0142adanie zam\u00f3wie\u0144 na produkty i us\u0142ugi, je\u015bli aktywny jest modu\u0142 sklepu WooCommerce.<\/p>\n<h2>2. Sprzedawca<\/h2>\n<p>Sprzedawc\u0105 i us\u0142ugodawc\u0105 jest Wojciech Bo\u0107kowski, ul. Ogrodowa 16, 05-515 Mysiad\u0142o, NIP: 1230514016.<\/p>\n<h2>3. Zakres us\u0142ug<\/h2>\n<p>Oferta obejmuje w szczeg\u00f3lno\u015bci monta\u017c drzwi, monta\u017c oku\u0107 do drzwi, monta\u017c listew przypod\u0142ogowych, po\u015brednictwo w sprzeda\u017cy drzwi oraz sprzeda\u017c produkt\u00f3w dost\u0119pnych w sklepie.<\/p>\n<h2>4. Sk\u0142adanie zam\u00f3wie\u0144<\/h2>\n<p>Zam\u00f3wienia mog\u0105 by\u0107 sk\u0142adane przez sklep internetowy, formularz kontaktowy, formularz wyceny lub telefonicznie. Do realizacji zam\u00f3wienia mog\u0105 by\u0107 wymagane dodatkowe ustalenia techniczne.<\/p>\n<h2>5. Ceny i p\u0142atno\u015bci<\/h2>\n<p>Ceny prezentowane na stronie s\u0105 okre\u015blane przy danym produkcie lub us\u0142udze. W przypadku wyceny indywidualnej ostateczna cena ustalana jest przed realizacj\u0105 zam\u00f3wienia.<\/p>\n<h2>6. Realizacja us\u0142ug monta\u017cowych<\/h2>\n<p>Termin i zakres us\u0142ugi ustalane s\u0105 indywidualnie, z uwzgl\u0119dnieniem rodzaju drzwi, miejsca monta\u017cu i warunk\u00f3w technicznych.<\/p>\n<h2>7. Reklamacje i kontakt<\/h2>\n<p>W sprawach dotycz\u0105cych zam\u00f3wie\u0144, us\u0142ug i reklamacji kontakt odbywa si\u0119 pod numerem telefonu 508 484 947 lub przez formularz kontaktowy dost\u0119pny na stronie.<\/p>\n<\/div>\n<\/div>\n<\/div>\n","protected":false},"excerpt":{"rendered":"<p>Regulamin sklepu i \u015bwiadczenia us\u0142ug Niniejszy regulamin okre\u015bla zasady korzystania ze strony internetowej, sk\u0142adania zam\u00f3wie\u0144 oraz \u015bwiadczenia us\u0142ug przez firm\u0119 Verso Wojciech Bo\u0107kowski. 1. Postanowienia og\u00f3lne Strona umo\u017cliwia prezentacj\u0119 oferty, kontakt z firm\u0105, przesy\u0142anie zapyta\u0144 o wycen\u0119 oraz sk\u0142adanie zam\u00f3wie\u0144 na produkty i us\u0142ugi, je\u015bli aktywny jest modu\u0142 sklepu WooCommerce. 2. Sprzedawca Sprzedawc\u0105 i us\u0142ugodawc\u0105 [&hellip;]<\/p>\n","protected":false},"author":1,"featured_media":0,"parent":0,"menu_order":0,"comment_status":"closed","ping_status":"closed","template":"","meta":{"footnotes":""},"class_list":["post-1435","page","type-page","status-publish","hentry"],"jetpack_sharing_enabled":true,"_links":{"self":[{"href":"https:\/\/montazdrzwi.org\/index.php\/wp-json\/wp\/v2\/pages\/1435","targetHints":{"allow":["GET"]}}],"collection":[{"href":"https:\/\/montazdrzwi.org\/index.php\/wp-json\/wp\/v2\/pages"}],"about":[{"href":"https:\/\/montazdrzwi.org\/index.php\/wp-json\/wp\/v2\/types\/page"}],"author":[{"embeddable":true,"href":"https:\/\/montazdrzwi.org\/index.php\/wp-json\/wp\/v2\/users\/1"}],"replies":[{"embeddable":true,"href":"https:\/\/montazdrzwi.org\/index.php\/wp-json\/wp\/v2\/comments?post=1435"}],"version-history":[{"count":0,"href":"https:\/\/montazdrzwi.org\/index.php\/wp-json\/wp\/v2\/pages\/1435\/revisions"}],"wp:attachment":[{"href":"https:\/\/montazdrzwi.org\/index.php\/wp-json\/wp\/v2\/media?parent=1435"}],"curies":[{"name":"wp","href":"https:\/\/api.w.org\/{rel}","templated":true}]}}