{"id":1434,"date":"2026-04-06T18:37:58","date_gmt":"2026-04-06T16:37:58","guid":{"rendered":"http:\/\/montazdrzwi.org\/index.php\/polityka-prywatnosci\/"},"modified":"2026-04-06T18:37:58","modified_gmt":"2026-04-06T16:37:58","slug":"polityka-prywatnosci","status":"publish","type":"page","link":"https:\/\/montazdrzwi.org\/index.php\/polityka-prywatnosci\/","title":{"rendered":"Polityka prywatno\u015bci"},"content":{"rendered":"<div class=\"wp-block-group verso-section\">\n<div class=\"wp-block-group__inner-container\">\n<div class=\"verso-container\">\n<h1>Polityka prywatno\u015bci<\/h1>\n<p>Niniejsza polityka prywatno\u015bci okre\u015bla zasady przetwarzania danych osobowych na stronie internetowej firmy Verso Wojciech Bo\u0107kowski.<\/p>\n<h2>1. Administrator danych<\/h2>\n<p>Administratorem danych jest Wojciech Bo\u0107kowski, ul. Ogrodowa 16, 05-515 Mysiad\u0142o, NIP: 1230514016.<\/p>\n<h2>2. Zakres danych<\/h2>\n<p>Dane mog\u0105 by\u0107 przetwarzane w zwi\u0105zku z wys\u0142aniem formularza kontaktowego, formularza wyceny, z\u0142o\u017ceniem zam\u00f3wienia lub kontaktem telefonicznym. Mog\u0105 to by\u0107 w szczeg\u00f3lno\u015bci: imi\u0119 i nazwisko, numer telefonu, adres e-mail, adres monta\u017cu, tre\u015b\u0107 wiadomo\u015bci oraz dane niezb\u0119dne do realizacji zam\u00f3wienia.<\/p>\n<h2>3. Cele przetwarzania<\/h2>\n<p>Dane s\u0105 przetwarzane w celu udzielenia odpowiedzi na wiadomo\u015b\u0107, przygotowania oferty, realizacji us\u0142ugi lub zam\u00f3wienia, obs\u0142ugi sprzeda\u017cy oraz prowadzenia niezb\u0119dnych rozlicze\u0144.<\/p>\n<h2>4. Podstawa przetwarzania<\/h2>\n<p>Podstaw\u0105 przetwarzania danych jest podj\u0119cie dzia\u0142a\u0144 na \u017c\u0105danie osoby, kt\u00f3rej dane dotycz\u0105, zawarcie i realizacja umowy oraz obowi\u0105zki prawne ci\u0105\u017c\u0105ce na administratorze.<\/p>\n<h2>5. Odbiorcy danych<\/h2>\n<p>Dane mog\u0105 by\u0107 przekazywane podmiotom wspieraj\u0105cym dzia\u0142anie strony, hostingu, poczty elektronicznej, p\u0142atno\u015bci internetowych i ksi\u0119gowo\u015bci, wy\u0142\u0105cznie w zakresie niezb\u0119dnym do realizacji celu.<\/p>\n<h2>6. Czas przechowywania<\/h2>\n<p>Dane s\u0105 przechowywane przez okres niezb\u0119dny do obs\u0142ugi zapytania, wykonania umowy oraz przez czas wynikaj\u0105cy z obowi\u0105zk\u00f3w podatkowych i rachunkowych.<\/p>\n<h2>7. Prawa u\u017cytkownika<\/h2>\n<p>U\u017cytkownik ma prawo \u017c\u0105da\u0107 dost\u0119pu do danych, ich sprostowania, usuni\u0119cia, ograniczenia przetwarzania oraz wniesienia sprzeciwu zgodnie z obowi\u0105zuj\u0105cymi przepisami.<\/p>\n<h2>8. Pliki cookies<\/h2>\n<p>Strona mo\u017ce wykorzystywa\u0107 pliki cookies niezb\u0119dne do dzia\u0142ania serwisu, zapami\u0119tywania ustawie\u0144 u\u017cytkownika i obs\u0142ugi funkcji sklepu.<\/p>\n<\/div>\n<\/div>\n<\/div>\n","protected":false},"excerpt":{"rendered":"<p>Polityka prywatno\u015bci Niniejsza polityka prywatno\u015bci okre\u015bla zasady przetwarzania danych osobowych na stronie internetowej firmy Verso Wojciech Bo\u0107kowski. 1. Administrator danych Administratorem danych jest Wojciech Bo\u0107kowski, ul. Ogrodowa 16, 05-515 Mysiad\u0142o, NIP: 1230514016. 2. Zakres danych Dane mog\u0105 by\u0107 przetwarzane w zwi\u0105zku z wys\u0142aniem formularza kontaktowego, formularza wyceny, z\u0142o\u017ceniem zam\u00f3wienia lub kontaktem telefonicznym. Mog\u0105 to by\u0107 [&hellip;]<\/p>\n","protected":false},"author":1,"featured_media":0,"parent":0,"menu_order":0,"comment_status":"closed","ping_status":"closed","template":"","meta":{"footnotes":""},"class_list":["post-1434","page","type-page","status-publish","hentry"],"jetpack_sharing_enabled":true,"_links":{"self":[{"href":"https:\/\/montazdrzwi.org\/index.php\/wp-json\/wp\/v2\/pages\/1434","targetHints":{"allow":["GET"]}}],"collection":[{"href":"https:\/\/montazdrzwi.org\/index.php\/wp-json\/wp\/v2\/pages"}],"about":[{"href":"https:\/\/montazdrzwi.org\/index.php\/wp-json\/wp\/v2\/types\/page"}],"author":[{"embeddable":true,"href":"https:\/\/montazdrzwi.org\/index.php\/wp-json\/wp\/v2\/users\/1"}],"replies":[{"embeddable":true,"href":"https:\/\/montazdrzwi.org\/index.php\/wp-json\/wp\/v2\/comments?post=1434"}],"version-history":[{"count":0,"href":"https:\/\/montazdrzwi.org\/index.php\/wp-json\/wp\/v2\/pages\/1434\/revisions"}],"wp:attachment":[{"href":"https:\/\/montazdrzwi.org\/index.php\/wp-json\/wp\/v2\/media?parent=1434"}],"curies":[{"name":"wp","href":"https:\/\/api.w.org\/{rel}","templated":true}]}}