{"id":1433,"date":"2026-04-06T18:37:58","date_gmt":"2026-04-06T16:37:58","guid":{"rendered":"http:\/\/montazdrzwi.org\/index.php\/faq\/"},"modified":"2026-04-06T18:37:58","modified_gmt":"2026-04-06T16:37:58","slug":"faq","status":"publish","type":"page","link":"https:\/\/montazdrzwi.org\/index.php\/faq\/","title":{"rendered":"FAQ"},"content":{"rendered":"<div class=\"wp-block-group verso-section\">\n<div class=\"wp-block-group__inner-container\">\n<div class=\"verso-container\">\n<div class=\"verso-section-header\" style=\"text-align:left;margin-left:0\">\n    <span class=\"verso-kicker\">FAQ<\/span><\/p>\n<h1>Najcz\u0119stsze pytania<\/h1>\n<p class=\"verso-lead\">Ta sekcja pomaga klientowi szybko zrozumie\u0107, jak dzia\u0142a wsp\u00f3\u0142praca i czego mo\u017ce si\u0119 spodziewa\u0107.<\/p>\n<\/p><\/div>\n<div class=\"verso-faq-list\"><details><summary>Czy mog\u0119 zam\u00f3wi\u0107 sam monta\u017c, je\u015bli drzwi mam ju\u017c kupione?<\/summary><div class=\"faq-content\"><p>Tak. Verso montuje r\u00f3wnie\u017c drzwi kupione wcze\u015bniej przez klienta, tak\u017ce w salonach i marketach budowlanych.<\/p>\n<\/div><\/details><details><summary>Jakie typy drzwi s\u0105 montowane?<\/summary><div class=\"faq-content\"><p>Monta\u017c obejmuje mi\u0119dzy innymi drzwi wewn\u0119trzne, zewn\u0119trzne, ukryte, przylgowe i bezprzylgowe.<\/p>\n<\/div><\/details><details><summary>Czy mog\u0119 kupi\u0107 drzwi razem z monta\u017cem?<\/summary><div class=\"faq-content\"><p>Tak. Mo\u017cesz zam\u00f3wi\u0107 drzwi razem z us\u0142ug\u0105 monta\u017cu albo wybra\u0107 sam produkt.<\/p>\n<\/div><\/details><details><summary>Jak uzyska\u0107 wycen\u0119?<\/summary><div class=\"faq-content\"><p>Najpro\u015bciej przez formularz kontaktowy, formularz wyceny lub telefonicznie. Warto poda\u0107 typ drzwi i miejsce monta\u017cu.<\/p>\n<\/div><\/details><details><summary>Na jakim obszarze dzia\u0142a firma?<\/summary><div class=\"faq-content\"><p>G\u0142\u00f3wnie Mysiad\u0142o, Warszawa, Piaseczno i okolice. Przy wi\u0119kszych zleceniach zakres dojazdu mo\u017cna ustali\u0107 indywidualnie.<\/p>\n<\/div><\/details><details><summary>Czy montowane s\u0105 r\u00f3wnie\u017c listwy przypod\u0142ogowe i okucia?<\/summary><div class=\"faq-content\"><p>Tak. To sta\u0142y element oferty i cz\u0119sto naturalne uzupe\u0142nienie monta\u017cu drzwi.<\/p>\n<\/div><\/details><\/div><\/div>\n<\/div>\n<\/div>\n","protected":false},"excerpt":{"rendered":"<p>FAQ Najcz\u0119stsze pytania Ta sekcja pomaga klientowi szybko zrozumie\u0107, jak dzia\u0142a wsp\u00f3\u0142praca i czego mo\u017ce si\u0119 spodziewa\u0107.<\/p>\n","protected":false},"author":1,"featured_media":0,"parent":0,"menu_order":0,"comment_status":"closed","ping_status":"closed","template":"","meta":{"footnotes":""},"class_list":["post-1433","page","type-page","status-publish","hentry"],"jetpack_sharing_enabled":true,"_links":{"self":[{"href":"https:\/\/montazdrzwi.org\/index.php\/wp-json\/wp\/v2\/pages\/1433","targetHints":{"allow":["GET"]}}],"collection":[{"href":"https:\/\/montazdrzwi.org\/index.php\/wp-json\/wp\/v2\/pages"}],"about":[{"href":"https:\/\/montazdrzwi.org\/index.php\/wp-json\/wp\/v2\/types\/page"}],"author":[{"embeddable":true,"href":"https:\/\/montazdrzwi.org\/index.php\/wp-json\/wp\/v2\/users\/1"}],"replies":[{"embeddable":true,"href":"https:\/\/montazdrzwi.org\/index.php\/wp-json\/wp\/v2\/comments?post=1433"}],"version-history":[{"count":0,"href":"https:\/\/montazdrzwi.org\/index.php\/wp-json\/wp\/v2\/pages\/1433\/revisions"}],"wp:attachment":[{"href":"https:\/\/montazdrzwi.org\/index.php\/wp-json\/wp\/v2\/media?parent=1433"}],"curies":[{"name":"wp","href":"https:\/\/api.w.org\/{rel}","templated":true}]}}