{"id":1430,"date":"2026-04-06T18:37:58","date_gmt":"2026-04-06T16:37:58","guid":{"rendered":"http:\/\/montazdrzwi.org\/index.php\/galeria-realizacji\/"},"modified":"2026-04-06T18:37:58","modified_gmt":"2026-04-06T16:37:58","slug":"galeria-realizacji","status":"publish","type":"page","link":"https:\/\/montazdrzwi.org\/index.php\/galeria-realizacji\/","title":{"rendered":"Galeria realizacji"},"content":{"rendered":"<div class=\"wp-block-group verso-section\">\n<div class=\"wp-block-group__inner-container\">\n<div class=\"verso-container\">\n<div class=\"verso-section-header\" style=\"text-align:left;margin-left:0\">\n    <span class=\"verso-kicker\">Galeria realizacji<\/span><\/p>\n<h1>Przyk\u0142adowe monta\u017ce i wyko\u0144czenia<\/h1>\n<p class=\"verso-lead\">Zobacz przyk\u0142adowe realizacje Verso wykonane dla klient\u00f3w indywidualnych i inwestycji prywatnych.<\/p>\n<\/p><\/div>\n<div class=\"verso-gallery-grid\"><article class=\"verso-gallery-item\"><a href=\"https:\/\/montazdrzwi.org\/index.php\/realizacje\/drzwi-bezprzylgowe-w-inwestycji-mieszkaniowej\/\"><img fetchpriority=\"high\" decoding=\"async\" width=\"1024\" height=\"640\" src=\"https:\/\/montazdrzwi.org\/wp-content\/uploads\/2026\/04\/gallery-8-10-1024x640.png\" class=\"attachment-large size-large wp-post-image\" alt=\"\" srcset=\"https:\/\/montazdrzwi.org\/wp-content\/uploads\/2026\/04\/gallery-8-10-1024x640.png 1024w, https:\/\/montazdrzwi.org\/wp-content\/uploads\/2026\/04\/gallery-8-10-300x188.png 300w, https:\/\/montazdrzwi.org\/wp-content\/uploads\/2026\/04\/gallery-8-10-768x480.png 768w, https:\/\/montazdrzwi.org\/wp-content\/uploads\/2026\/04\/gallery-8-10-1536x960.png 1536w, https:\/\/montazdrzwi.org\/wp-content\/uploads\/2026\/04\/gallery-8-10-600x375.png 600w, https:\/\/montazdrzwi.org\/wp-content\/uploads\/2026\/04\/gallery-8-10.png 1600w\" sizes=\"(max-width: 1024px) 100vw, 1024px\" \/><\/a><div class=\"verso-gallery-caption\">Drzwi bezprzylgowe w inwestycji mieszkaniowej<\/div><\/article><article class=\"verso-gallery-item\"><a href=\"https:\/\/montazdrzwi.org\/index.php\/realizacje\/montaz-drzwi-z-marketu-budowlanego\/\"><img decoding=\"async\" width=\"1024\" height=\"640\" src=\"https:\/\/montazdrzwi.org\/wp-content\/uploads\/2026\/04\/gallery-7-10-1024x640.png\" class=\"attachment-large size-large wp-post-image\" alt=\"\" srcset=\"https:\/\/montazdrzwi.org\/wp-content\/uploads\/2026\/04\/gallery-7-10-1024x640.png 1024w, https:\/\/montazdrzwi.org\/wp-content\/uploads\/2026\/04\/gallery-7-10-300x188.png 300w, https:\/\/montazdrzwi.org\/wp-content\/uploads\/2026\/04\/gallery-7-10-768x480.png 768w, https:\/\/montazdrzwi.org\/wp-content\/uploads\/2026\/04\/gallery-7-10-1536x960.png 1536w, https:\/\/montazdrzwi.org\/wp-content\/uploads\/2026\/04\/gallery-7-10-600x375.png 600w, https:\/\/montazdrzwi.org\/wp-content\/uploads\/2026\/04\/gallery-7-10.png 1600w\" sizes=\"(max-width: 1024px) 100vw, 1024px\" \/><\/a><div class=\"verso-gallery-caption\">Monta\u017c drzwi z marketu budowlanego<\/div><\/article><article class=\"verso-gallery-item\"><a href=\"https:\/\/montazdrzwi.org\/index.php\/realizacje\/realizacja-dla-klienta-prywatnego\/\"><img decoding=\"async\" width=\"1024\" height=\"640\" src=\"https:\/\/montazdrzwi.org\/wp-content\/uploads\/2026\/04\/gallery-6-10-1024x640.png\" class=\"attachment-large size-large wp-post-image\" alt=\"\" srcset=\"https:\/\/montazdrzwi.org\/wp-content\/uploads\/2026\/04\/gallery-6-10-1024x640.png 1024w, https:\/\/montazdrzwi.org\/wp-content\/uploads\/2026\/04\/gallery-6-10-300x188.png 300w, https:\/\/montazdrzwi.org\/wp-content\/uploads\/2026\/04\/gallery-6-10-768x480.png 768w, https:\/\/montazdrzwi.org\/wp-content\/uploads\/2026\/04\/gallery-6-10-1536x960.png 1536w, https:\/\/montazdrzwi.org\/wp-content\/uploads\/2026\/04\/gallery-6-10-600x375.png 600w, https:\/\/montazdrzwi.org\/wp-content\/uploads\/2026\/04\/gallery-6-10.png 1600w\" sizes=\"(max-width: 1024px) 100vw, 1024px\" \/><\/a><div class=\"verso-gallery-caption\">Realizacja dla klienta prywatnego<\/div><\/article><article class=\"verso-gallery-item\"><a href=\"https:\/\/montazdrzwi.org\/index.php\/realizacje\/montaz-listew-przypodlogowych\/\"><img loading=\"lazy\" decoding=\"async\" width=\"1024\" height=\"640\" src=\"https:\/\/montazdrzwi.org\/wp-content\/uploads\/2026\/04\/gallery-5-10-1024x640.png\" class=\"attachment-large size-large wp-post-image\" alt=\"\" srcset=\"https:\/\/montazdrzwi.org\/wp-content\/uploads\/2026\/04\/gallery-5-10-1024x640.png 1024w, https:\/\/montazdrzwi.org\/wp-content\/uploads\/2026\/04\/gallery-5-10-300x188.png 300w, https:\/\/montazdrzwi.org\/wp-content\/uploads\/2026\/04\/gallery-5-10-768x480.png 768w, https:\/\/montazdrzwi.org\/wp-content\/uploads\/2026\/04\/gallery-5-10-1536x960.png 1536w, https:\/\/montazdrzwi.org\/wp-content\/uploads\/2026\/04\/gallery-5-10-600x375.png 600w, https:\/\/montazdrzwi.org\/wp-content\/uploads\/2026\/04\/gallery-5-10.png 1600w\" sizes=\"(max-width: 1024px) 100vw, 1024px\" \/><\/a><div class=\"verso-gallery-caption\">Monta\u017c listew przypod\u0142ogowych<\/div><\/article><article class=\"verso-gallery-item\"><a href=\"https:\/\/montazdrzwi.org\/index.php\/realizacje\/komplet-drzwi-z-oscieznica-i-okuciami\/\"><img loading=\"lazy\" decoding=\"async\" width=\"1024\" height=\"640\" src=\"https:\/\/montazdrzwi.org\/wp-content\/uploads\/2026\/04\/gallery-4-10-1024x640.png\" class=\"attachment-large size-large wp-post-image\" alt=\"\" srcset=\"https:\/\/montazdrzwi.org\/wp-content\/uploads\/2026\/04\/gallery-4-10-1024x640.png 1024w, https:\/\/montazdrzwi.org\/wp-content\/uploads\/2026\/04\/gallery-4-10-300x188.png 300w, https:\/\/montazdrzwi.org\/wp-content\/uploads\/2026\/04\/gallery-4-10-768x480.png 768w, https:\/\/montazdrzwi.org\/wp-content\/uploads\/2026\/04\/gallery-4-10-1536x960.png 1536w, https:\/\/montazdrzwi.org\/wp-content\/uploads\/2026\/04\/gallery-4-10-600x375.png 600w, https:\/\/montazdrzwi.org\/wp-content\/uploads\/2026\/04\/gallery-4-10.png 1600w\" sizes=\"(max-width: 1024px) 100vw, 1024px\" \/><\/a><div class=\"verso-gallery-caption\">Komplet drzwi z o\u015bcie\u017cnic\u0105 i okuciami<\/div><\/article><article class=\"verso-gallery-item\"><a href=\"https:\/\/montazdrzwi.org\/index.php\/realizacje\/drzwi-ukryte-w-minimalistycznym-wnetrzu\/\"><img loading=\"lazy\" decoding=\"async\" width=\"1024\" height=\"640\" src=\"https:\/\/montazdrzwi.org\/wp-content\/uploads\/2026\/04\/gallery-3-10-1024x640.png\" class=\"attachment-large size-large wp-post-image\" alt=\"\" srcset=\"https:\/\/montazdrzwi.org\/wp-content\/uploads\/2026\/04\/gallery-3-10-1024x640.png 1024w, https:\/\/montazdrzwi.org\/wp-content\/uploads\/2026\/04\/gallery-3-10-300x188.png 300w, https:\/\/montazdrzwi.org\/wp-content\/uploads\/2026\/04\/gallery-3-10-768x480.png 768w, https:\/\/montazdrzwi.org\/wp-content\/uploads\/2026\/04\/gallery-3-10-1536x960.png 1536w, https:\/\/montazdrzwi.org\/wp-content\/uploads\/2026\/04\/gallery-3-10-600x375.png 600w, https:\/\/montazdrzwi.org\/wp-content\/uploads\/2026\/04\/gallery-3-10.png 1600w\" sizes=\"(max-width: 1024px) 100vw, 1024px\" \/><\/a><div class=\"verso-gallery-caption\">Drzwi ukryte w minimalistycznym wn\u0119trzu<\/div><\/article><article class=\"verso-gallery-item\"><a href=\"https:\/\/montazdrzwi.org\/index.php\/realizacje\/drzwi-wejsciowe-do-domu-jednorodzinnego\/\"><img loading=\"lazy\" decoding=\"async\" width=\"1024\" height=\"640\" src=\"https:\/\/montazdrzwi.org\/wp-content\/uploads\/2026\/04\/gallery-2-10-1024x640.png\" class=\"attachment-large size-large wp-post-image\" alt=\"\" srcset=\"https:\/\/montazdrzwi.org\/wp-content\/uploads\/2026\/04\/gallery-2-10-1024x640.png 1024w, https:\/\/montazdrzwi.org\/wp-content\/uploads\/2026\/04\/gallery-2-10-300x188.png 300w, https:\/\/montazdrzwi.org\/wp-content\/uploads\/2026\/04\/gallery-2-10-768x480.png 768w, https:\/\/montazdrzwi.org\/wp-content\/uploads\/2026\/04\/gallery-2-10-1536x960.png 1536w, https:\/\/montazdrzwi.org\/wp-content\/uploads\/2026\/04\/gallery-2-10-600x375.png 600w, https:\/\/montazdrzwi.org\/wp-content\/uploads\/2026\/04\/gallery-2-10.png 1600w\" sizes=\"(max-width: 1024px) 100vw, 1024px\" \/><\/a><div class=\"verso-gallery-caption\">Drzwi wej\u015bciowe do domu jednorodzinnego<\/div><\/article><article class=\"verso-gallery-item\"><a href=\"https:\/\/montazdrzwi.org\/index.php\/realizacje\/drzwi-wewnetrzne-w-nowoczesnym-mieszkaniu\/\"><img loading=\"lazy\" decoding=\"async\" width=\"1024\" height=\"640\" src=\"https:\/\/montazdrzwi.org\/wp-content\/uploads\/2026\/04\/gallery-1-10-1024x640.png\" class=\"attachment-large size-large wp-post-image\" alt=\"\" srcset=\"https:\/\/montazdrzwi.org\/wp-content\/uploads\/2026\/04\/gallery-1-10-1024x640.png 1024w, https:\/\/montazdrzwi.org\/wp-content\/uploads\/2026\/04\/gallery-1-10-300x188.png 300w, https:\/\/montazdrzwi.org\/wp-content\/uploads\/2026\/04\/gallery-1-10-768x480.png 768w, https:\/\/montazdrzwi.org\/wp-content\/uploads\/2026\/04\/gallery-1-10-1536x960.png 1536w, https:\/\/montazdrzwi.org\/wp-content\/uploads\/2026\/04\/gallery-1-10-600x375.png 600w, https:\/\/montazdrzwi.org\/wp-content\/uploads\/2026\/04\/gallery-1-10.png 1600w\" sizes=\"(max-width: 1024px) 100vw, 1024px\" \/><\/a><div class=\"verso-gallery-caption\">Drzwi wewn\u0119trzne w nowoczesnym mieszkaniu<\/div><\/article><\/div><\/div>\n<\/div>\n<\/div>\n","protected":false},"excerpt":{"rendered":"<p>Galeria realizacji Przyk\u0142adowe monta\u017ce i wyko\u0144czenia Zobacz przyk\u0142adowe realizacje Verso wykonane dla klient\u00f3w indywidualnych i inwestycji prywatnych.<\/p>\n","protected":false},"author":1,"featured_media":0,"parent":0,"menu_order":0,"comment_status":"closed","ping_status":"closed","template":"","meta":{"footnotes":""},"class_list":["post-1430","page","type-page","status-publish","hentry"],"jetpack_sharing_enabled":true,"_links":{"self":[{"href":"https:\/\/montazdrzwi.org\/index.php\/wp-json\/wp\/v2\/pages\/1430","targetHints":{"allow":["GET"]}}],"collection":[{"href":"https:\/\/montazdrzwi.org\/index.php\/wp-json\/wp\/v2\/pages"}],"about":[{"href":"https:\/\/montazdrzwi.org\/index.php\/wp-json\/wp\/v2\/types\/page"}],"author":[{"embeddable":true,"href":"https:\/\/montazdrzwi.org\/index.php\/wp-json\/wp\/v2\/users\/1"}],"replies":[{"embeddable":true,"href":"https:\/\/montazdrzwi.org\/index.php\/wp-json\/wp\/v2\/comments?post=1430"}],"version-history":[{"count":0,"href":"https:\/\/montazdrzwi.org\/index.php\/wp-json\/wp\/v2\/pages\/1430\/revisions"}],"wp:attachment":[{"href":"https:\/\/montazdrzwi.org\/index.php\/wp-json\/wp\/v2\/media?parent=1430"}],"curies":[{"name":"wp","href":"https:\/\/api.w.org\/{rel}","templated":true}]}}