{"id":1429,"date":"2026-04-06T18:37:58","date_gmt":"2026-04-06T16:37:58","guid":{"rendered":"http:\/\/montazdrzwi.org\/index.php\/oferta-drzwi\/"},"modified":"2026-04-06T22:04:19","modified_gmt":"2026-04-06T20:04:19","slug":"oferta-drzwi","status":"publish","type":"page","link":"https:\/\/montazdrzwi.org\/index.php\/oferta-drzwi\/","title":{"rendered":"Oferta drzwi"},"content":{"rendered":"<div class=\"wp-block-group verso-section\">\n<div class=\"wp-block-group__inner-container\">\n<div class=\"verso-container\">\n<div class=\"verso-section-header\" style=\"text-align: left; margin-left: 0;\"><span class=\"verso-kicker\">Oferta drzwi<\/span><\/p>\n<h1>Drzwi dopasowane do TWOICH potrzeb!<\/h1>\n<p class=\"verso-lead\">Verso po\u015bredniczy tak\u017ce w sprzeda\u017cy drzwi. To wygodne rozwi\u0105zanie dla os\u00f3b, kt\u00f3re chc\u0105 zam\u00f3wi\u0107 komplet: produkt i monta\u017c w jednym miejscu.<\/p>\n<\/div>\n<p><!-- RZ\u0104D 1: tylko katalogi --><\/p>\n<div style=\"margin-top: 28px;\">\n<div class=\"verso-highlight\">\n<h2 style=\"text-align: center;\">Katalogi produkt\u00f3w<\/h2>\n<p style=\"text-align: center;\"><a class=\"verso-btn verso-btn-primary\" href=\"https:\/\/montazdrzwi.org\/wp-content\/uploads\/2026\/04\/Erkado2026.pdf\" target=\"_blank\" rel=\"noopener\"> Katalog Erkado 2026 <\/a><\/p>\n<p style=\"text-align: center;\"><a class=\"verso-btn verso-btn-primary\" href=\"https:\/\/montazdrzwi.org\/wp-content\/uploads\/2026\/04\/ErkadoStalowe2026.pdf\" target=\"_blank\" rel=\"noopener\"> Katalog Erkado Stalowe- 2026 <\/a><\/p>\n<p style=\"text-align: center;\"><a class=\"verso-btn verso-btn-primary\" href=\"https:\/\/montazdrzwi.org\/wp-content\/uploads\/2026\/04\/ErkadoDrewniane2026.pdf\" target=\"_blank\" rel=\"noopener\"> Katalog Erkado Drewniane- 2026 <\/a><\/p>\n<p style=\"text-align: center;\"><a class=\"verso-btn verso-btn-primary\" href=\"https:\/\/montazdrzwi.org\/wp-content\/uploads\/2026\/04\/Porta2026.pdf\" target=\"_blank\" rel=\"noopener\"> Katalog PORTA 2026 <\/a><\/p>\n<p style=\"text-align: center;\"><a class=\"verso-btn verso-btn-primary\" href=\"https:\/\/montazdrzwi.org\/wp-content\/uploads\/2026\/04\/Dre2026.pdf\" target=\"_blank\" rel=\"noopener\"> Katalog DRE 2026 <\/a><\/p>\n<p style=\"text-align: center;\"><a class=\"verso-btn verso-btn-primary\" href=\"https:\/\/montazdrzwi.org\/wp-content\/uploads\/2026\/04\/POLSKONE2026.pdf\" target=\"_blank\" rel=\"noopener\"> Katalog Pol-Skone 2026 <\/a><\/p>\n<h5 style=\"text-align: center; margin-top: 18px;\">Informacje zamieszczone w prezentowanych katalogach s\u0105 og\u0142oszeniami i materia\u0142ami reklamowymi, kt\u00f3re nie stanowi\u0105 oferty w rozumieniu art. 71 Kodeksu cywilnego.<\/h5>\n<\/div>\n<\/div>\n<p><!-- RZ\u0104D 2: 3 kolumny --><\/p>\n<div class=\"verso-grid verso-grid-3\" style=\"margin-top: 28px;\">\n<div class=\"verso-card\">\n<div class=\"verso-card-content\">\n<h2 style=\"text-align: center;\">Drzwi wewn\u0119trzne<\/h2>\n<ul class=\"verso-check-list\">\n<li style=\"text-align: left;\">do mieszka\u0144, dom\u00f3w, biur i lokali u\u017cytkowych<\/li>\n<li style=\"text-align: left;\">warianty klasyczne, nowoczesne, przylgowe i bezprzylgowe<\/li>\n<\/ul>\n<\/div>\n<\/div>\n<div class=\"verso-card\">\n<div class=\"verso-card-content\">\n<h2 style=\"text-align: center;\">Drzwi zewn\u0119trzne<\/h2>\n<ul class=\"verso-check-list\">\n<li style=\"text-align: left;\">rozwi\u0105zania wej\u015bciowe z naciskiem na trwa\u0142o\u015b\u0107 i wygl\u0105d<\/li>\n<li style=\"text-align: left;\">codzienny komfort u\u017cytkowania i solidne wykonanie<\/li>\n<\/ul>\n<\/div>\n<\/div>\n<div class=\"verso-card\">\n<div class=\"verso-card-content\">\n<h2 style=\"text-align: center;\">Drzwi ukryte<\/h2>\n<ul class=\"verso-check-list\">\n<li style=\"text-align: left;\">systemy dla nowoczesnych wn\u0119trz z czyst\u0105 lini\u0105 \u015bciany<\/li>\n<li style=\"text-align: left;\">estetyka detalu i sp\u00f3jny efekt wizualny ca\u0142ego wn\u0119trza<\/li>\n<\/ul>\n<\/div>\n<\/div>\n<\/div>\n<p><!-- RZ\u0104D 3: tylko jak wybra\u0107 drzwi --><\/p>\n<div style=\"margin-top: 28px;\">\n<div class=\"verso-highlight\">\n<h2 style=\"text-align: center;\">Jak wybra\u0107 drzwi<\/h2>\n<ul class=\"verso-check-list\">\n<li style=\"text-align: left;\">okre\u015bl przeznaczenie i miejsce monta\u017cu<\/li>\n<li style=\"text-align: left;\">sprawd\u017a styl wn\u0119trza i oczekiwany efekt<\/li>\n<li style=\"text-align: left;\">ustal bud\u017cet na produkt i us\u0142ug\u0119<\/li>\n<li style=\"text-align: left;\">zdecyduj, czy chcesz sam produkt czy komplet z monta\u017cem<\/li>\n<\/ul>\n<\/div>\n<\/div>\n<\/div>\n<\/div>\n<\/div>\n","protected":false},"excerpt":{"rendered":"<p>Oferta drzwi Drzwi dopasowane do TWOICH potrzeb! Verso po\u015bredniczy tak\u017ce w sprzeda\u017cy drzwi. To wygodne rozwi\u0105zanie dla os\u00f3b, kt\u00f3re chc\u0105 zam\u00f3wi\u0107 komplet: produkt i monta\u017c w jednym miejscu. Katalogi produkt\u00f3w Katalog Erkado 2026 Katalog Erkado Stalowe- 2026 Katalog Erkado Drewniane- 2026 Katalog PORTA 2026 Katalog DRE 2026 Katalog Pol-Skone 2026 Informacje zamieszczone w prezentowanych katalogach [&hellip;]<\/p>\n","protected":false},"author":1,"featured_media":0,"parent":0,"menu_order":0,"comment_status":"closed","ping_status":"closed","template":"","meta":{"footnotes":""},"class_list":["post-1429","page","type-page","status-publish","hentry"],"jetpack_sharing_enabled":true,"_links":{"self":[{"href":"https:\/\/montazdrzwi.org\/index.php\/wp-json\/wp\/v2\/pages\/1429","targetHints":{"allow":["GET"]}}],"collection":[{"href":"https:\/\/montazdrzwi.org\/index.php\/wp-json\/wp\/v2\/pages"}],"about":[{"href":"https:\/\/montazdrzwi.org\/index.php\/wp-json\/wp\/v2\/types\/page"}],"author":[{"embeddable":true,"href":"https:\/\/montazdrzwi.org\/index.php\/wp-json\/wp\/v2\/users\/1"}],"replies":[{"embeddable":true,"href":"https:\/\/montazdrzwi.org\/index.php\/wp-json\/wp\/v2\/comments?post=1429"}],"version-history":[{"count":28,"href":"https:\/\/montazdrzwi.org\/index.php\/wp-json\/wp\/v2\/pages\/1429\/revisions"}],"predecessor-version":[{"id":1507,"href":"https:\/\/montazdrzwi.org\/index.php\/wp-json\/wp\/v2\/pages\/1429\/revisions\/1507"}],"wp:attachment":[{"href":"https:\/\/montazdrzwi.org\/index.php\/wp-json\/wp\/v2\/media?parent=1429"}],"curies":[{"name":"wp","href":"https:\/\/api.w.org\/{rel}","templated":true}]}}