{"id":1427,"date":"2026-04-06T18:37:58","date_gmt":"2026-04-06T16:37:58","guid":{"rendered":"http:\/\/montazdrzwi.org\/index.php\/o-firmie\/"},"modified":"2026-04-06T22:05:47","modified_gmt":"2026-04-06T20:05:47","slug":"o-firmie","status":"publish","type":"page","link":"https:\/\/montazdrzwi.org\/index.php\/o-firmie\/","title":{"rendered":"O firmie"},"content":{"rendered":"<div class=\"wp-block-group verso-section\">\n<div class=\"wp-block-group__inner-container\">\n<div class=\"verso-container\">\n<div class=\"verso-section-header\" style=\"text-align: left; margin-left: 0;\"><span class=\"verso-kicker\">O firmie<\/span><\/p>\n<h1>Verso Wojciech Bo\u0107kowski<\/h1>\n<p class=\"verso-lead\">Verso to marka oparta na praktyce, terminowo\u015bci i znajomo\u015bci realnych potrzeb klient\u00f3w. Firma zajmuje si\u0119 monta\u017cem drzwi, oku\u0107 do drzwi oraz listew przypod\u0142ogowych. Realizuje zar\u00f3wno zlecenia prywatne, jak i monta\u017ce wynikaj\u0105ce ze wsp\u00f3\u0142pracy z du\u017cymi sieciami handlowymi.<\/p>\n<\/div>\n<div class=\"verso-columns\">\n<div class=\"verso-highlight\">\n<h2 style=\"text-align: center;\">Jak pracujemy<\/h2>\n<p>&nbsp;<\/p>\n<p>Stawiamy na prosty proces wsp\u00f3\u0142pracy i dobr\u0105 organizacj\u0119. Klient otrzymuje konkretn\u0105 informacj\u0119 o zakresie prac, orientacyjnym przebiegu realizacji i sposobie kontaktu. Nie komplikujemy prostych rzeczy, ale pilnujemy detali tam, gdzie maj\u0105 znaczenie.<\/p>\n<p>W praktyce oznacza to monta\u017c drzwi u klienta z uwzgl\u0119dnieniem rodzaju modelu, sposobu otwierania, estetyki wyko\u0144czenia oraz dopasowania oku\u0107 i listew przypod\u0142ogowych.<\/p>\n<p style=\"text-align: left;\">Je\u015bli trzeba, pomagamy r\u00f3wnie\u017c w wyborze samego produktu, zach\u0119camy do przejrzenia <a class=\"verso-btn verso-btn-primary\" href=\"https:\/\/montazdrzwi.org\/index.php\/oferta-drzwi\/\" target=\"_blank\" rel=\"noopener\">Katalogi produkt\u00f3w.<\/a><\/p>\n<\/div>\n<div class=\"verso-highlight\">\n<h2 style=\"text-align: center;\">Do\u015bwiadczenie z r\u00f3\u017cnymi systemami<\/h2>\n<p>Firma montuje drzwi zwyk\u0142e, wewn\u0119trzne, zewn\u0119trzne, ukryte i inne rozwi\u0105zania spotykane w nowoczesnych wn\u0119trzach oraz budownictwie jednorodzinnym i mieszkaniowym.<\/p>\n<ul class=\"verso-check-list\">\n<li>drzwi producent\u00f3w takich jak DRE, PORTA czy Wik\u0119d<\/li>\n<li>drzwi kupione w marketach budowlanych<\/li>\n<li>rozwi\u0105zania standardowe i bardziej wymagaj\u0105ce<\/li>\n<li>pojedyncze monta\u017ce oraz wi\u0119kszy wolumen zlece\u0144<\/li>\n<\/ul>\n<\/div>\n<\/div>\n<div class=\"verso-grid verso-grid-3\" style=\"margin-top: 28px;\">\n<div class=\"verso-icon-card\">\n<div class=\"verso-icon\" style=\"text-align: center;\">1<\/div>\n<h3 style=\"text-align: center;\">W\u0142asna marka<\/h3>\n<ul class=\"verso-check-list\">\n<li>us\u0142ugi prywatne \u015bwiadczone pod mark\u0105 Verso z naciskiem na jako\u015b\u0107 i dobr\u0105 komunikacj\u0119<\/li>\n<\/ul>\n<\/div>\n<div class=\"verso-icon-card\">\n<div class=\"verso-icon\" style=\"text-align: center;\">2<\/div>\n<h3 style=\"text-align: center;\">Wsp\u00f3\u0142praca z sieciami<\/h3>\n<ul class=\"verso-check-list\">\n<li>do\u015bwiadczenie w realizowaniu zlece\u0144 pochodz\u0105cych z du\u017cych market\u00f3w i sieci handlowych<\/li>\n<\/ul>\n<\/div>\n<div class=\"verso-icon-card\">\n<div class=\"verso-icon\" style=\"text-align: center;\">3<\/div>\n<h3 style=\"text-align: center;\">Po\u015brednictwo sprzeda\u017cy<\/h3>\n<ul class=\"verso-check-list\">\n<li>pomoc przy doborze drzwi i przygotowaniu sensownej oferty produktowej<\/li>\n<\/ul>\n<\/div>\n<\/div>\n<\/div>\n<\/div>\n<\/div>\n","protected":false},"excerpt":{"rendered":"<p>O firmie Verso Wojciech Bo\u0107kowski Verso to marka oparta na praktyce, terminowo\u015bci i znajomo\u015bci realnych potrzeb klient\u00f3w. Firma zajmuje si\u0119 monta\u017cem drzwi, oku\u0107 do drzwi oraz listew przypod\u0142ogowych. Realizuje zar\u00f3wno zlecenia prywatne, jak i monta\u017ce wynikaj\u0105ce ze wsp\u00f3\u0142pracy z du\u017cymi sieciami handlowymi. Jak pracujemy &nbsp; Stawiamy na prosty proces wsp\u00f3\u0142pracy i dobr\u0105 organizacj\u0119. Klient otrzymuje [&hellip;]<\/p>\n","protected":false},"author":1,"featured_media":0,"parent":0,"menu_order":0,"comment_status":"closed","ping_status":"closed","template":"","meta":{"footnotes":""},"class_list":["post-1427","page","type-page","status-publish","hentry"],"jetpack_sharing_enabled":true,"_links":{"self":[{"href":"https:\/\/montazdrzwi.org\/index.php\/wp-json\/wp\/v2\/pages\/1427","targetHints":{"allow":["GET"]}}],"collection":[{"href":"https:\/\/montazdrzwi.org\/index.php\/wp-json\/wp\/v2\/pages"}],"about":[{"href":"https:\/\/montazdrzwi.org\/index.php\/wp-json\/wp\/v2\/types\/page"}],"author":[{"embeddable":true,"href":"https:\/\/montazdrzwi.org\/index.php\/wp-json\/wp\/v2\/users\/1"}],"replies":[{"embeddable":true,"href":"https:\/\/montazdrzwi.org\/index.php\/wp-json\/wp\/v2\/comments?post=1427"}],"version-history":[{"count":8,"href":"https:\/\/montazdrzwi.org\/index.php\/wp-json\/wp\/v2\/pages\/1427\/revisions"}],"predecessor-version":[{"id":1508,"href":"https:\/\/montazdrzwi.org\/index.php\/wp-json\/wp\/v2\/pages\/1427\/revisions\/1508"}],"wp:attachment":[{"href":"https:\/\/montazdrzwi.org\/index.php\/wp-json\/wp\/v2\/media?parent=1427"}],"curies":[{"name":"wp","href":"https:\/\/api.w.org\/{rel}","templated":true}]}}